{"id":291,"date":"2023-09-20T13:25:02","date_gmt":"2023-09-20T13:25:02","guid":{"rendered":"https:\/\/kamelyaanaokulu.com\/?page_id=291"},"modified":"2023-09-21T16:05:28","modified_gmt":"2023-09-21T16:05:28","slug":"hakkimizda","status":"publish","type":"page","link":"https:\/\/kamelyaanaokulu.com\/index.php\/hakkimizda\/","title":{"rendered":"Hakk\u0131m\u0131zda"},"content":{"rendered":"\t\t<div data-elementor-type=\"wp-page\" data-elementor-id=\"291\" class=\"elementor elementor-291\" data-elementor-post-type=\"page\">\n\t\t\t\t\t\t\t\t\t<section class=\"elementor-section elementor-top-section elementor-element elementor-element-168addf7 elementor-section-full_width elementor-section-content-middle elementor-section-stretched elementor-section-height-default elementor-section-height-default\" data-id=\"168addf7\" data-element_type=\"section\" data-settings=\"{&quot;background_background&quot;:&quot;classic&quot;,&quot;stretch_section&quot;:&quot;section-stretched&quot;}\">\n\t\t\t\t\t\t<div class=\"elementor-container elementor-column-gap-no\">\n\t\t\t\t\t<div class=\"elementor-column elementor-col-50 elementor-top-column elementor-element elementor-element-11955760\" data-id=\"11955760\" data-element_type=\"column\" data-settings=\"{&quot;background_background&quot;:&quot;classic&quot;}\">\n\t\t\t<div class=\"elementor-widget-wrap elementor-element-populated\">\n\t\t\t\t\t<div class=\"elementor-background-overlay\"><\/div>\n\t\t\t\t\t\t\t\t<div class=\"elementor-element elementor-element-c204dff elementor-widget elementor-widget-heading\" data-id=\"c204dff\" data-element_type=\"widget\" data-widget_type=\"heading.default\">\n\t\t\t\t<div class=\"elementor-widget-container\">\n\t\t\t<style>\/*! elementor - v3.18.0 - 08-12-2023 *\/\n.elementor-heading-title{padding:0;margin:0;line-height:1}.elementor-widget-heading .elementor-heading-title[class*=elementor-size-]>a{color:inherit;font-size:inherit;line-height:inherit}.elementor-widget-heading .elementor-heading-title.elementor-size-small{font-size:15px}.elementor-widget-heading .elementor-heading-title.elementor-size-medium{font-size:19px}.elementor-widget-heading .elementor-heading-title.elementor-size-large{font-size:29px}.elementor-widget-heading .elementor-heading-title.elementor-size-xl{font-size:39px}.elementor-widget-heading .elementor-heading-title.elementor-size-xxl{font-size:59px}<\/style><h4 class=\"elementor-heading-title elementor-size-default\">Her \u015eey \u00c7ocuklar\u0131m\u0131z \u0130\u00e7in<\/h4>\t\t<\/div>\n\t\t\t\t<\/div>\n\t\t\t\t\t<\/div>\n\t\t<\/div>\n\t\t\t\t<div class=\"elementor-column elementor-col-50 elementor-top-column elementor-element elementor-element-33d13c9b\" data-id=\"33d13c9b\" data-element_type=\"column\">\n\t\t\t<div class=\"elementor-widget-wrap elementor-element-populated\">\n\t\t\t\t\t\t\t\t<div class=\"elementor-element elementor-element-4ea745ac elementor-widget elementor-widget-text-editor\" data-id=\"4ea745ac\" data-element_type=\"widget\" data-widget_type=\"text-editor.default\">\n\t\t\t\t<div class=\"elementor-widget-container\">\n\t\t\t<style>\/*! elementor - v3.18.0 - 08-12-2023 *\/\n.elementor-widget-text-editor.elementor-drop-cap-view-stacked .elementor-drop-cap{background-color:#69727d;color:#fff}.elementor-widget-text-editor.elementor-drop-cap-view-framed .elementor-drop-cap{color:#69727d;border:3px solid;background-color:transparent}.elementor-widget-text-editor:not(.elementor-drop-cap-view-default) .elementor-drop-cap{margin-top:8px}.elementor-widget-text-editor:not(.elementor-drop-cap-view-default) .elementor-drop-cap-letter{width:1em;height:1em}.elementor-widget-text-editor .elementor-drop-cap{float:left;text-align:center;line-height:1;font-size:50px}.elementor-widget-text-editor .elementor-drop-cap-letter{display:inline-block}<\/style>\t\t\t\t<p>Kas\u0131mpa\u015fa Kamelya Anaokulu\u00a0<\/p>\t\t\t\t\t\t<\/div>\n\t\t\t\t<\/div>\n\t\t\t\t<div class=\"elementor-element elementor-element-7f16904a elementor-widget__width-initial elementor-widget elementor-widget-text-editor\" data-id=\"7f16904a\" data-element_type=\"widget\" data-widget_type=\"text-editor.default\">\n\t\t\t\t<div class=\"elementor-widget-container\">\n\t\t\t\t\t\t\t<p><span style=\"font-family: var( --e-global-typography-text-font-family ), Sans-serif;\">Tarihi Beyo\u011flu il\u00e7esinin ortas\u0131nda, \u00a03-6 ya\u015f aras\u0131 \u00e7ocuklara y\u00f6nelik m\u00fckemmel bir e\u011fitim sunuyoruz. \u0130smini Kamelya \u00e7i\u00e7e\u011finin narin \u00f6zelli\u011finden alan okulumuz; Kas\u0131mpa\u015fa, Okmeydan\u0131, Hali\u00e7 gibi yerle\u015fim yerlerine kolay ula\u015f\u0131labilir bir konumdad\u0131r. 10 y\u0131ll\u0131k bir e\u011fitim ge\u00e7mi\u015fine sahip olan butik okulumuz, \u00a02 kattan olu\u015fan 600 m2 kapal\u0131 alan ile, yakla\u015f\u0131k 130 m2 lik kocaman bir bah\u00e7eye sahiptir. \u00a0Rol model ve tecr\u00fcbeli \u00f6\u011fretmen kadromuz ile Meb tabanl\u0131 okul \u00f6ncesi m\u00fcfredat\u0131n\u0131n\u0131n yan\u0131nda, \u00f6\u011frencilerimizin ki\u015filik, karakter ve ahlaki geli\u015fimini destekleyen de\u011ferler e\u011fitimi dersleri yapmaktay\u0131z. \u00a0Ayr\u0131ca kolay \u00f6\u011frenilen \u0130ngilizce e\u011fitimi ile \u00e7ocuklar\u0131m\u0131z\u0131n e\u011fitimini bir \u00fcst seviyeye \u00e7\u0131karmaktay\u0131z. \u00d6\u011frencilerimizin yetenek ve el becerilerinde geli\u015fimi i\u00e7in \u00a0ders program\u0131m\u0131zda; sanat \u00a0ve ebru at\u00f6lyesi, gastronomi ve mutfak at\u00f6lyesi, T\u00fczder zeka ve ak\u0131l oyunlar\u0131 at\u00f6lyesi, \u00a0permak\u00fclt\u00fcr ve sebze yeti\u015ftiricili\u011fi at\u00f6lyesi \u00e7al\u0131\u015fmalara da yer vermekteyiz. Sa\u011fl\u0131kl\u0131 d\u00fc\u015f\u00fcnme kadar sa\u011fl\u0131kl\u0131 beslenmeyi de \u00f6nemseyen Kamelya anaokulumuzda y\u00fcksek hijyen ve kalite standartlar\u0131na uygun olarak g\u00fcnde 3 \u00f6\u011f\u00fcn kahvalt\u0131 ve yemek ikram\u0131 yap\u0131lmaktad\u0131r. Siz velilerimizin g\u00f6nl\u00fc rahat olsun, \u00e7ocuklar\u0131 mutlu olsun diye her detay d\u00fc\u015f\u00fcn\u00fclen okulumuzda uzman akademisyen ve pedagoglar taraf\u0131ndan tavsiyeli \u00e7aml\u0131ca \u00e7ocuk yay\u0131n grubu, zet zeka gibi marka e\u011fitim materyallari tercih edilmektedir. G\u00fclery\u00fczl\u00fc, ilgili ve tecr\u00fcbeli personelimiz ile \u00e7ocuklar\u0131m\u0131z\u0131 yak\u0131ndan takip \u00a0ederek velilerimizi bilgilendiriyor, mutlu, ba\u015far\u0131l\u0131, d\u00fcr\u00fcst ve ahlakl\u0131 \u00e7ocuklar yeti\u015ftiren bir okul olarak; \u00a0bir kahve i\u00e7meye bekliyoruz.<\/span><\/p>\t\t\t\t\t\t<\/div>\n\t\t\t\t<\/div>\n\t\t\t\t\t<\/div>\n\t\t<\/div>\n\t\t\t\t\t\t\t<\/div>\n\t\t<\/section>\n\t\t\t\t\t\t\t<\/div>\n\t\t","protected":false},"excerpt":{"rendered":"<p>Her \u015eey \u00c7ocuklar\u0131m\u0131z \u0130\u00e7in Kas\u0131mpa\u015fa Kamelya Anaokulu Tarihi Beyo\u011flu il\u00e7esinin ortas\u0131nda, \u00a03-6 ya\u015f aras\u0131 \u00e7ocuklara y\u00f6nelik m\u00fckemmel bir e\u011fitim sunuyoruz. \u0130smini Kamelya \u00e7i\u00e7e\u011finin narin \u00f6zelli\u011finden alan okulumuz; Kas\u0131mpa\u015fa, Okmeydan\u0131, Hali\u00e7 gibi yerle\u015fim yerlerine kolay ula\u015f\u0131labilir bir konumdad\u0131r. 10 y\u0131ll\u0131k bir e\u011fitim ge\u00e7mi\u015fine sahip olan butik okulumuz, \u00a02 kattan olu\u015fan 600 m2 kapal\u0131 alan ile, yakla\u015f\u0131k [&hellip;]<\/p>\n","protected":false},"author":1,"featured_media":0,"parent":0,"menu_order":0,"comment_status":"closed","ping_status":"closed","template":"elementor_header_footer","meta":{"footnotes":""},"class_list":["post-291","page","type-page","status-publish","hentry"],"_links":{"self":[{"href":"https:\/\/kamelyaanaokulu.com\/index.php\/wp-json\/wp\/v2\/pages\/291","targetHints":{"allow":["GET"]}}],"collection":[{"href":"https:\/\/kamelyaanaokulu.com\/index.php\/wp-json\/wp\/v2\/pages"}],"about":[{"href":"https:\/\/kamelyaanaokulu.com\/index.php\/wp-json\/wp\/v2\/types\/page"}],"author":[{"embeddable":true,"href":"https:\/\/kamelyaanaokulu.com\/index.php\/wp-json\/wp\/v2\/users\/1"}],"replies":[{"embeddable":true,"href":"https:\/\/kamelyaanaokulu.com\/index.php\/wp-json\/wp\/v2\/comments?post=291"}],"version-history":[{"count":5,"href":"https:\/\/kamelyaanaokulu.com\/index.php\/wp-json\/wp\/v2\/pages\/291\/revisions"}],"predecessor-version":[{"id":299,"href":"https:\/\/kamelyaanaokulu.com\/index.php\/wp-json\/wp\/v2\/pages\/291\/revisions\/299"}],"wp:attachment":[{"href":"https:\/\/kamelyaanaokulu.com\/index.php\/wp-json\/wp\/v2\/media?parent=291"}],"curies":[{"name":"wp","href":"https:\/\/api.w.org\/{rel}","templated":true}]}}